{"id":11,"date":"2024-09-28T18:23:43","date_gmt":"2024-09-28T16:23:43","guid":{"rendered":"https:\/\/www.assistansarken.se\/?page_id=11"},"modified":"2024-10-17T05:40:26","modified_gmt":"2024-10-17T03:40:26","slug":"hem","status":"publish","type":"page","link":"https:\/\/www.assistansarken.se\/","title":{"rendered":"Hem"},"content":{"rendered":"\t\t<div data-elementor-type=\"wp-page\" data-elementor-id=\"11\" class=\"elementor elementor-11\">\n\t\t\t\t<div class=\"elementor-element elementor-element-f100848 as-headerblock e-flex e-con-boxed e-con e-parent\" data-id=\"f100848\" data-element_type=\"container\">\n\t\t\t\t\t<div class=\"e-con-inner\">\n\t\t\t\t\t<\/div>\n\t\t\t\t<\/div>\n\t\t<div class=\"elementor-element elementor-element-3bf2096 e-flex e-con-boxed e-con e-parent\" data-id=\"3bf2096\" data-element_type=\"container\" data-settings=\"{&quot;background_background&quot;:&quot;classic&quot;}\">\n\t\t\t\t\t<div class=\"e-con-inner\">\n\t\t<div class=\"elementor-element elementor-element-33677dc e-con-full e-flex e-con e-child\" data-id=\"33677dc\" data-element_type=\"container\">\n\t\t\t\t<div class=\"elementor-element elementor-element-a2d3773 elementor-widget elementor-widget-text-editor\" data-id=\"a2d3773\" data-element_type=\"widget\" data-widget_type=\"text-editor.default\">\n\t\t\t\t<div class=\"elementor-widget-container\">\n\t\t\t\t\t\t\tPersonlig assistans\t\t\t\t\t\t<\/div>\n\t\t\t\t<\/div>\n\t\t\t\t<\/div>\n\t\t<div class=\"elementor-element elementor-element-697e7cd e-con-full e-flex e-con e-child\" data-id=\"697e7cd\" data-element_type=\"container\">\n\t\t\t\t<div class=\"elementor-element elementor-element-506f015 elementor-view-default elementor-widget elementor-widget-icon\" data-id=\"506f015\" data-element_type=\"widget\" data-widget_type=\"icon.default\">\n\t\t\t\t<div class=\"elementor-widget-container\">\n\t\t\t\t\t<div class=\"elementor-icon-wrapper\">\n\t\t\t<div class=\"elementor-icon\">\n\t\t\t<svg aria-hidden=\"true\" class=\"e-font-icon-svg e-fas-phone-alt\" viewBox=\"0 0 512 512\" xmlns=\"http:\/\/www.w3.org\/2000\/svg\"><path d=\"M497.39 361.8l-112-48a24 24 0 0 0-28 6.9l-49.6 60.6A370.66 370.66 0 0 1 130.6 204.11l60.6-49.6a23.94 23.94 0 0 0 6.9-28l-48-112A24.16 24.16 0 0 0 122.6.61l-104 24A24 24 0 0 0 0 48c0 256.5 207.9 464 464 464a24 24 0 0 0 23.4-18.6l24-104a24.29 24.29 0 0 0-14.01-27.6z\"><\/path><\/svg>\t\t\t<\/div>\n\t\t<\/div>\n\t\t\t\t<\/div>\n\t\t\t\t<\/div>\n\t\t\t\t<div class=\"elementor-element elementor-element-48f3b58 as-callhead elementor-widget elementor-widget-text-editor\" data-id=\"48f3b58\" data-element_type=\"widget\" data-widget_type=\"text-editor.default\">\n\t\t\t\t<div class=\"elementor-widget-container\">\n\t\t\t\t\t\t\t<a href=\"tel:073 - 679 60 11\" >073 &#8211; 679 60 11<\/a>\t\t\t\t\t\t<\/div>\n\t\t\t\t<\/div>\n\t\t\t\t<\/div>\n\t\t\t\t\t<\/div>\n\t\t\t\t<\/div>\n\t\t<div class=\"elementor-element elementor-element-8d2934a e-con-full e-flex e-con e-parent\" data-id=\"8d2934a\" data-element_type=\"container\">\n\t\t<div class=\"elementor-element elementor-element-0e7b7da e-con-full e-flex e-con e-child\" data-id=\"0e7b7da\" data-element_type=\"container\" data-settings=\"{&quot;background_background&quot;:&quot;classic&quot;}\">\n\t\t\t\t<div class=\"elementor-element elementor-element-6b987a9 elementor-widget elementor-widget-heading\" data-id=\"6b987a9\" data-element_type=\"widget\" data-widget_type=\"heading.default\">\n\t\t\t\t<div class=\"elementor-widget-container\">\n\t\t\t<h1 class=\"elementor-heading-title elementor-size-default\">Lilla f\u00f6retaget med det stora <span style=\"color:#f29400\"> hj\u00e4rtat<\/span><\/h1>\t\t<\/div>\n\t\t\t\t<\/div>\n\t\t\t\t<\/div>\n\t\t<div class=\"elementor-element elementor-element-2949855 e-con-full e-flex e-con e-child\" data-id=\"2949855\" data-element_type=\"container\">\n\t\t\t\t<div class=\"elementor-element elementor-element-47f4fd8 as-bannerimg elementor-widget elementor-widget-image\" data-id=\"47f4fd8\" data-element_type=\"widget\" data-widget_type=\"image.default\">\n\t\t\t\t<div class=\"elementor-widget-container\">\n\t\t\t\t\t\t\t\t\t\t\t\t\t<img fetchpriority=\"high\" decoding=\"async\" width=\"768\" height=\"694\" src=\"http:\/\/www.assistansarken.se\/wp-content\/uploads\/2024\/09\/front2_img-768x694.png\" class=\"attachment-medium_large size-medium_large wp-image-53\" alt=\"\" srcset=\"http:\/\/www.assistansarken.se\/wp-content\/uploads\/2024\/09\/front2_img-768x694.png 768w, http:\/\/www.assistansarken.se\/wp-content\/uploads\/2024\/09\/front2_img-300x271.png 300w, http:\/\/www.assistansarken.se\/wp-content\/uploads\/2024\/09\/front2_img-1024x926.png 1024w, http:\/\/www.assistansarken.se\/wp-content\/uploads\/2024\/09\/front2_img-1536x1389.png 1536w, http:\/\/www.assistansarken.se\/wp-content\/uploads\/2024\/09\/front2_img.png 1858w\" sizes=\"(max-width: 768px) 100vw, 768px\" \/>\t\t\t\t\t\t\t\t\t\t\t\t\t<\/div>\n\t\t\t\t<\/div>\n\t\t\t\t<\/div>\n\t\t\t\t<\/div>\n\t\t<div class=\"elementor-element elementor-element-c31d62d e-flex e-con-boxed e-con e-parent\" data-id=\"c31d62d\" data-element_type=\"container\" data-settings=\"{&quot;background_background&quot;:&quot;classic&quot;}\">\n\t\t\t\t\t<div class=\"e-con-inner\">\n\t\t\t\t<div class=\"elementor-element elementor-element-fb95390 elementor-widget elementor-widget-heading\" data-id=\"fb95390\" data-element_type=\"widget\" data-widget_type=\"heading.default\">\n\t\t\t\t<div class=\"elementor-widget-container\">\n\t\t\t<h2 class=\"elementor-heading-title elementor-size-default\">V\u00e4lkommen till <br \/>Assistans arKEN AB<\/h2>\t\t<\/div>\n\t\t\t\t<\/div>\n\t\t\t\t<div class=\"elementor-element elementor-element-b690a0b elementor-widget elementor-widget-text-editor\" data-id=\"b690a0b\" data-element_type=\"widget\" data-widget_type=\"text-editor.default\">\n\t\t\t\t<div class=\"elementor-widget-container\">\n\t\t\t\t\t\t\t<p>Vi har funnits sedan \u00e5r 2001 och \u00e4r ett etablerat och trov\u00e4rdigt f\u00f6retag som driver personlig assistans.<\/p><p>Vi har tillst\u00e5nd via socialstyrelsen att driva verksamhet inom personlig assistans enligt lagen (1993:387) <br \/>om st\u00f6d och service till vissa funktionshindrade (LSS).<\/p><p>V\u00e4lkomna att h\u00f6ra av er om ni \u00e4r i behov av hj\u00e4lp eller om ni har fr\u00e5gor!<\/p>\t\t\t\t\t\t<\/div>\n\t\t\t\t<\/div>\n\t\t\t\t\t<\/div>\n\t\t\t\t<\/div>\n\t\t<div class=\"elementor-element elementor-element-4d0f79c as-footer e-flex e-con-boxed e-con e-parent\" data-id=\"4d0f79c\" data-element_type=\"container\" data-settings=\"{&quot;background_background&quot;:&quot;classic&quot;}\">\n\t\t\t\t\t<div class=\"e-con-inner\">\n\t\t<div class=\"elementor-element elementor-element-b4107cc e-con-full e-flex e-con e-child\" data-id=\"b4107cc\" data-element_type=\"container\">\n\t\t\t\t<div class=\"elementor-element elementor-element-85af865 elementor-widget elementor-widget-heading\" data-id=\"85af865\" data-element_type=\"widget\" data-widget_type=\"heading.default\">\n\t\t\t\t<div class=\"elementor-widget-container\">\n\t\t\t<h2 class=\"elementor-heading-title elementor-size-default\">L\u00e5t oss samarbeta<\/h2>\t\t<\/div>\n\t\t\t\t<\/div>\n\t\t\t\t<div class=\"elementor-element elementor-element-748d6a9 elementor-widget elementor-widget-html\" data-id=\"748d6a9\" data-element_type=\"widget\" data-widget_type=\"html.default\">\n\t\t\t\t<div class=\"elementor-widget-container\">\n\t\t\t<a href=\"https:\/\/www.uc.se\/risksigill2?showorg=5566277942&language=swe\" title=\"Sigillet \u00e4r utf\u00e4rdat av UC AB. Klicka p\u00e5 bilden f\u00f6r information om UC:s Riskklasser.\" target=\"_blank\" style=\"color:#fff\"><img decoding=\"async\" class=\"img-responsive center-block\" src=\"https:\/\/www.uc.se\/ucsigill2\/sigill?org=5566277942&language=swe&product=psa&fontcolor=b\" style=\"border:0; color:#fff\"\/><\/a>\t\t<\/div>\n\t\t\t\t<\/div>\n\t\t\t\t<\/div>\n\t\t<div class=\"elementor-element elementor-element-74f1840 e-con-full e-flex e-con e-child\" data-id=\"74f1840\" data-element_type=\"container\">\n\t\t\t\t<div class=\"elementor-element elementor-element-4cbc4a8 elementor-widget elementor-widget-heading\" data-id=\"4cbc4a8\" data-element_type=\"widget\" data-widget_type=\"heading.default\">\n\t\t\t\t<div class=\"elementor-widget-container\">\n\t\t\t<h5 class=\"elementor-heading-title elementor-size-default\">Kontakta<\/h5>\t\t<\/div>\n\t\t\t\t<\/div>\n\t\t<div class=\"elementor-element elementor-element-3125b24 e-con-full e-flex e-con e-child\" data-id=\"3125b24\" data-element_type=\"container\">\n\t\t<div class=\"elementor-element elementor-element-2728908 e-con-full e-flex e-con e-child\" data-id=\"2728908\" data-element_type=\"container\">\n\t\t\t\t<div class=\"elementor-element elementor-element-c17b45f elementor-widget elementor-widget-text-editor\" data-id=\"c17b45f\" data-element_type=\"widget\" data-widget_type=\"text-editor.default\">\n\t\t\t\t<div class=\"elementor-widget-container\">\n\t\t\t\t\t\t\t<p>Telefon: 040-42 63 50<\/p><p>Mobil: 073-679 60 11<\/p><p>E-post: <a href=\"mailto:info@assistansarken.se\">info@assistansarken.se<\/a><\/p>\t\t\t\t\t\t<\/div>\n\t\t\t\t<\/div>\n\t\t\t\t<\/div>\n\t\t<div class=\"elementor-element elementor-element-dbeb8f1 e-con-full e-flex e-con e-child\" data-id=\"dbeb8f1\" data-element_type=\"container\">\n\t\t\t\t<div class=\"elementor-element elementor-element-58830f3 elementor-widget elementor-widget-text-editor\" data-id=\"58830f3\" data-element_type=\"widget\" data-widget_type=\"text-editor.default\">\n\t\t\t\t<div class=\"elementor-widget-container\">\n\t\t\t\t\t\t\t<p>Assistans Arken AB <br \/>Pox4 236 21 H\u00f6llviken<\/p>\t\t\t\t\t\t<\/div>\n\t\t\t\t<\/div>\n\t\t\t\t<\/div>\n\t\t\t\t<\/div>\n\t\t\t\t<\/div>\n\t\t\t\t\t<\/div>\n\t\t\t\t<\/div>\n\t\t\t\t<\/div>\n\t\t","protected":false},"excerpt":{"rendered":"<p>Personlig assistans 073 &#8211; 679 60 11 Lilla f\u00f6retaget med det stora hj\u00e4rtat V\u00e4lkommen till Assistans arKEN AB Vi har funnits sedan \u00e5r 2001 och \u00e4r ett etablerat och trov\u00e4rdigt f\u00f6retag som driver personlig assistans. Vi har tillst\u00e5nd via socialstyrelsen att driva verksamhet inom personlig assistans enligt lagen (1993:387) om st\u00f6d och service till vissa [&hellip;]<\/p>\n","protected":false},"author":1,"featured_media":0,"parent":0,"menu_order":0,"comment_status":"closed","ping_status":"closed","template":"","meta":{"footnotes":""},"class_list":["post-11","page","type-page","status-publish","hentry"],"_links":{"self":[{"href":"https:\/\/www.assistansarken.se\/index.php?rest_route=\/wp\/v2\/pages\/11","targetHints":{"allow":["GET"]}}],"collection":[{"href":"https:\/\/www.assistansarken.se\/index.php?rest_route=\/wp\/v2\/pages"}],"about":[{"href":"https:\/\/www.assistansarken.se\/index.php?rest_route=\/wp\/v2\/types\/page"}],"author":[{"embeddable":true,"href":"https:\/\/www.assistansarken.se\/index.php?rest_route=\/wp\/v2\/users\/1"}],"replies":[{"embeddable":true,"href":"https:\/\/www.assistansarken.se\/index.php?rest_route=%2Fwp%2Fv2%2Fcomments&post=11"}],"version-history":[{"count":289,"href":"https:\/\/www.assistansarken.se\/index.php?rest_route=\/wp\/v2\/pages\/11\/revisions"}],"predecessor-version":[{"id":387,"href":"https:\/\/www.assistansarken.se\/index.php?rest_route=\/wp\/v2\/pages\/11\/revisions\/387"}],"wp:attachment":[{"href":"https:\/\/www.assistansarken.se\/index.php?rest_route=%2Fwp%2Fv2%2Fmedia&parent=11"}],"curies":[{"name":"wp","href":"https:\/\/api.w.org\/{rel}","templated":true}]}}